{"id":1318,"date":"2023-04-01T08:35:32","date_gmt":"2023-04-01T06:35:32","guid":{"rendered":"https:\/\/sunnyvg.hr\/suncane-elektrane\/"},"modified":"2023-05-24T10:11:48","modified_gmt":"2023-05-24T08:11:48","slug":"solar-power-plant","status":"publish","type":"page","link":"https:\/\/sunnyvg.hr\/en\/solar-power-plant\/","title":{"rendered":"Solar Power Plants"},"content":{"rendered":"\t\t<div data-elementor-type=\"wp-page\" data-elementor-id=\"1318\" class=\"elementor elementor-1318 elementor-878\">\n\t\t\t\t\t\t\t\t\t<section class=\"elementor-section elementor-top-section elementor-element elementor-element-5bedc56 elementor-section-full_width elementor-section-height-default elementor-section-height-default\" data-id=\"5bedc56\" data-element_type=\"section\">\n\t\t\t\t\t\t<div class=\"elementor-container elementor-column-gap-default\">\n\t\t\t\t\t<div class=\"elementor-column elementor-col-100 elementor-top-column elementor-element elementor-element-3ac4fa2\" data-id=\"3ac4fa2\" data-element_type=\"column\">\n\t\t\t<div class=\"elementor-widget-wrap elementor-element-populated\">\n\t\t\t\t\t\t\t\t<div class=\"elementor-element elementor-element-99f0104 elementor--h-position-center elementor--v-position-middle elementor-widget elementor-widget-slides\" data-id=\"99f0104\" data-element_type=\"widget\" data-settings=\"{&quot;navigation&quot;:&quot;none&quot;,&quot;transition&quot;:&quot;fade&quot;,&quot;autoplay&quot;:&quot;yes&quot;,&quot;pause_on_hover&quot;:&quot;yes&quot;,&quot;pause_on_interaction&quot;:&quot;yes&quot;,&quot;autoplay_speed&quot;:5000,&quot;transition_speed&quot;:500}\" data-widget_type=\"slides.default\">\n\t\t\t\t<div class=\"elementor-widget-container\">\n\t\t\t<style>\/*! elementor-pro - v3.13.2 - 22-05-2023 *\/\n.elementor-slides .swiper-slide-bg{background-size:cover;background-position:50%;background-repeat:no-repeat;min-width:100%;min-height:100%}.elementor-slides .swiper-slide-inner{background-repeat:no-repeat;background-position:50%;position:absolute;top:0;left:0;bottom:0;right:0;padding:50px;margin:auto}.elementor-slides .swiper-slide-inner,.elementor-slides .swiper-slide-inner:hover{color:#fff;display:flex}.elementor-slides .swiper-slide-inner .elementor-background-overlay{position:absolute;z-index:0;top:0;bottom:0;left:0;right:0}.elementor-slides .swiper-slide-inner .elementor-slide-content{position:relative;z-index:1;width:100%}.elementor-slides .swiper-slide-inner .elementor-slide-heading{font-size:35px;font-weight:700;line-height:1}.elementor-slides .swiper-slide-inner .elementor-slide-description{font-size:17px;line-height:1.4}.elementor-slides .swiper-slide-inner .elementor-slide-description:not(:last-child),.elementor-slides .swiper-slide-inner .elementor-slide-heading:not(:last-child){margin-bottom:30px}.elementor-slides .swiper-slide-inner .elementor-slide-button{border:2px solid #fff;color:#fff;background:transparent;display:inline-block}.elementor-slides .swiper-slide-inner .elementor-slide-button,.elementor-slides .swiper-slide-inner .elementor-slide-button:hover{background:transparent;color:inherit;text-decoration:none}.elementor--v-position-top .swiper-slide-inner{align-items:flex-start}.elementor--v-position-bottom .swiper-slide-inner{align-items:flex-end}.elementor--v-position-middle .swiper-slide-inner{align-items:center}.elementor--h-position-left .swiper-slide-inner{justify-content:flex-start}.elementor--h-position-right .swiper-slide-inner{justify-content:flex-end}.elementor--h-position-center .swiper-slide-inner{justify-content:center}body.rtl .elementor-widget-slides .elementor-swiper-button-next{left:10px;right:auto}body.rtl .elementor-widget-slides .elementor-swiper-button-prev{right:10px;left:auto}.elementor-slides-wrapper div:not(.swiper-slide)>.swiper-slide-inner{display:none}@media (max-width:767px){.elementor-slides .swiper-slide-inner{padding:30px}.elementor-slides .swiper-slide-inner .elementor-slide-heading{font-size:23px;line-height:1;margin-bottom:15px}.elementor-slides .swiper-slide-inner .elementor-slide-description{font-size:13px;line-height:1.4;margin-bottom:15px}}<\/style>\t\t<div class=\"elementor-swiper\">\n\t\t\t<div class=\"elementor-slides-wrapper elementor-main-swiper swiper\" dir=\"ltr\" data-animation=\"fadeInUp\">\n\t\t\t\t<div class=\"swiper-wrapper elementor-slides\">\n\t\t\t\t\t\t\t\t\t\t<div class=\"elementor-repeater-item-ca34437 swiper-slide\"><div class=\"swiper-slide-bg elementor-ken-burns elementor-ken-burns--in\" role=\"img\"><\/div><div class=\"elementor-background-overlay\"><\/div><div class=\"swiper-slide-inner\" ><div class=\"swiper-slide-contents\"><div class=\"elementor-slide-heading\">SOLAR POWER PLANTS<\/div><\/div><\/div><\/div>\t\t\t\t<\/div>\n\t\t\t\t\t\t\t<\/div>\n\t\t<\/div>\n\t\t\t\t<\/div>\n\t\t\t\t<\/div>\n\t\t\t\t\t<\/div>\n\t\t<\/div>\n\t\t\t\t\t\t\t<\/div>\n\t\t<\/section>\n\t\t\t\t<section class=\"elementor-section elementor-top-section elementor-element elementor-element-508ca1d elementor-section-boxed elementor-section-height-default elementor-section-height-default\" data-id=\"508ca1d\" data-element_type=\"section\">\n\t\t\t\t\t\t<div class=\"elementor-container elementor-column-gap-default\">\n\t\t\t\t\t<div class=\"elementor-column elementor-col-100 elementor-top-column elementor-element elementor-element-aee5b24\" data-id=\"aee5b24\" data-element_type=\"column\">\n\t\t\t<div class=\"elementor-widget-wrap elementor-element-populated\">\n\t\t\t\t\t\t\t\t<div class=\"elementor-element elementor-element-969df17 elementor-widget elementor-widget-text-editor\" data-id=\"969df17\" data-element_type=\"widget\" data-widget_type=\"text-editor.default\">\n\t\t\t\t<div class=\"elementor-widget-container\">\n\t\t\t<style>\/*! elementor - v3.13.3 - 22-05-2023 *\/\n.elementor-widget-text-editor.elementor-drop-cap-view-stacked .elementor-drop-cap{background-color:#69727d;color:#fff}.elementor-widget-text-editor.elementor-drop-cap-view-framed .elementor-drop-cap{color:#69727d;border:3px solid;background-color:transparent}.elementor-widget-text-editor:not(.elementor-drop-cap-view-default) .elementor-drop-cap{margin-top:8px}.elementor-widget-text-editor:not(.elementor-drop-cap-view-default) .elementor-drop-cap-letter{width:1em;height:1em}.elementor-widget-text-editor .elementor-drop-cap{float:left;text-align:center;line-height:1;font-size:50px}.elementor-widget-text-editor .elementor-drop-cap-letter{display:inline-block}<\/style>\t\t\t\t<table class=\"t1\" cellspacing=\"0\" cellpadding=\"0\"><tbody><tr><td class=\"td1\" valign=\"middle\"><p class=\"p2\"><b><i>Building<\/i><\/b><\/p><\/td><td class=\"td2\" valign=\"middle\"><p class=\"p2\"><b><i>Location<\/i><\/b><\/p><\/td><\/tr><tr><td class=\"td3\" valign=\"middle\"><p class=\"p2\">Pu\u010dko otvoreno u\u010dili\u0161te Velika Gorica<\/p><\/td><td class=\"td4\" valign=\"middle\"><p class=\"p2\">Zagreba\u010dka 37, Velika Gorica<\/p><\/td><\/tr><tr><td class=\"td1\" valign=\"middle\"><p class=\"p2\">O\u0160 Nikole Hribara<\/p><\/td><td class=\"td2\" valign=\"middle\"><p class=\"p2\">Ru\u0111era Bo\u0161kovi\u0107a 11, Velika Gorica<\/p><\/td><\/tr><tr><td class=\"td5\" valign=\"middle\"><p class=\"p2\">Ustanova za upravljanje \u0160RC Velika Gorica &#8211; dvorana<\/p><\/td><td class=\"td6\" valign=\"middle\"><p class=\"p2\">Rakarska 19, Velika Gorica<\/p><\/td><\/tr><tr><td class=\"td7\" valign=\"middle\"><p class=\"p2\">Ustanova za upravljanje \u0160RC Velika Gorica &#8211; upravna zgrada<\/p><\/td><td class=\"td8\" valign=\"middle\"><p class=\"p2\">Hrvatske bratske zajednice 80, Velika Gorica<\/p><\/td><\/tr><tr><td class=\"td3\" valign=\"middle\"><p class=\"p2\">Dje\u010dji vrti\u0107 Lojtrica\u00a0<\/p><\/td><td class=\"td4\" valign=\"middle\"><p class=\"p2\">Smendrovi\u0107eva 9, Velika Mlaka<\/p><\/td><\/tr><tr><td class=\"td9\" valign=\"middle\"><p class=\"p2\">Dje\u010dji Vrti\u0107 Velika Gorica\u00a0<\/p><\/td><td class=\"td10\" valign=\"middle\"><p class=\"p2\">Pucekovi\u0107eva 2, Velika Gorica<\/p><\/td><\/tr><tr><td class=\"td3\" valign=\"middle\"><p class=\"p2\">Dje\u010dji vrti\u0107 Ciciban VG<\/p><\/td><td class=\"td4\" valign=\"middle\"><p class=\"p2\">Vladimira Vidri\u0107a 2, Velika Gorica<\/p><\/td><\/tr><tr><td class=\"td1\" valign=\"middle\"><p class=\"p2\">O\u0160 \u0160\u0107itarjevo<\/p><\/td><td class=\"td2\" valign=\"middle\"><p class=\"p2\">\u0160\u0107itarjevo 104, Velika Gorica<\/p><\/td><\/tr><tr><td class=\"td5\" valign=\"middle\"><p class=\"p2\">Dje\u010dji vrti\u0107 Ciciban VG &#8211; vrti\u0107 i umjetni\u010dka\/muzi\u010dka \u0161kola<\/p><\/td><td class=\"td6\" valign=\"middle\"><p class=\"p2\">Slavka Kolara 39, Velika Gorica<\/p><\/td><\/tr><tr><td class=\"td1\" valign=\"middle\"><p class=\"p2\">Dru\u0161tveni dom Donja Lomnica<\/p><\/td><td class=\"td2\" valign=\"middle\"><p class=\"p2\">\u0160kolska 20, Donja Lomnica<\/p><\/td><\/tr><tr><td class=\"td5\" valign=\"middle\"><p class=\"p2\">O\u0160 Vukovina<\/p><\/td><td class=\"td6\" valign=\"middle\"><p class=\"p2\">\u0160kolska 20\/a, Gornje Podoto\u010dje, Vukovina, Velika Gorica<\/p><\/td><\/tr><tr><td class=\"td1\" valign=\"middle\"><p class=\"p2\">NK Udarnik<\/p><\/td><td class=\"td2\" valign=\"middle\"><p class=\"p2\">Sportska ul. 2, Velika Gorica<\/p><\/td><\/tr><tr><td class=\"td3\" valign=\"middle\"><p class=\"p2\">Folklorni ansambl Turopolje<\/p><\/td><td class=\"td4\" valign=\"middle\"><p class=\"p2\">Ulica Slavka Kolara 75A, Velika Gorica<\/p><\/td><\/tr><tr><td class=\"td1\" valign=\"middle\"><p class=\"p2\">O\u0160 Nikole Hribara &#8211; P\u0160 Gradi\u0107i<\/p><\/td><td class=\"td2\" valign=\"middle\"><p class=\"p2\">Slavonska 1A, Gradi\u0107i, Velika Gorica<\/p><\/td><\/tr><tr><td class=\"td11\" valign=\"middle\"><p class=\"p2\">Dje\u010dji vrti\u0107 Velika Gorica &#8211; Bu\u0161evec<\/p><\/td><td class=\"td12\" valign=\"middle\"><p class=\"p2\">Trg selja\u010dke sloge 7, Bu\u0161evec<\/p><\/td><\/tr><tr><td class=\"td1\" valign=\"middle\"><p class=\"p2\">O\u0160 Vukovina &#8211; P\u0160 Bu\u0161evec<\/p><\/td><td class=\"td2\" valign=\"middle\"><p class=\"p2\">Trg selja\u010dke sloge 8, Velika Gorica<\/p><\/td><\/tr><tr><td class=\"td3\" valign=\"middle\"><p class=\"p2\">Sportski dom Kobili\u0107<\/p><\/td><td class=\"td4\" valign=\"middle\"><p class=\"p2\">Kobili\u0107, Kobili\u0107 40A, Velika Gorica<\/p><\/td><\/tr><tr><td class=\"td1\" valign=\"middle\"><p class=\"p2\">Turisti\u010dka zajednica Grada Velike Gorice<\/p><\/td><td class=\"td2\" valign=\"middle\"><p class=\"p2\">Trg kralja Tomislava 2, Velika Gorica<\/p><\/td><\/tr><tr><td class=\"td3\" valign=\"middle\"><p class=\"p2\">O\u0160 Jurja Habdeli\u0107a &#8211; P\u0160 Velika Buna<\/p><\/td><td class=\"td4\" valign=\"middle\"><p class=\"p2\">Turopoljsko posavskog odreda 58, Kravarsko<\/p><\/td><\/tr><tr><td class=\"td1\" valign=\"middle\"><p class=\"p2\">Veleu\u010dili\u0161te Velika Gorica<\/p><\/td><td class=\"td2\" valign=\"middle\"><p class=\"p2\">Zagreba\u010dka ulica 5, Velika Gorica<\/p><\/td><\/tr><tr><td class=\"td3\" valign=\"middle\"><p class=\"p2\">Filomen<\/p><\/td><td class=\"td4\" valign=\"middle\"><p class=\"p2\">Ul. Jurja Dobrile 1, Velika Gorica<\/p><\/td><\/tr><tr><td class=\"td9\" valign=\"middle\"><p class=\"p2\">Dru\u0161tveni i vatrogasni dom Mala Buna<\/p><\/td><td class=\"td10\" valign=\"middle\"><p class=\"p2\">Mala Buna, Malobunska cesta 2, Kravarsko<\/p><\/td><\/tr><\/tbody><\/table>\t\t\t\t\t\t<\/div>\n\t\t\t\t<\/div>\n\t\t\t\t\t<\/div>\n\t\t<\/div>\n\t\t\t\t\t\t\t<\/div>\n\t\t<\/section>\n\t\t\t\t\t\t\t<\/div>\n\t\t","protected":false},"excerpt":{"rendered":"<p>SOLAR POWER PLANTS Building Location Pu\u010dko otvoreno u\u010dili\u0161te Velika Gorica Zagreba\u010dka 37, Velika Gorica O\u0160 Nikole Hribara Ru\u0111era Bo\u0161kovi\u0107a 11, Velika Gorica Ustanova za upravljanje \u0160RC Velika Gorica &#8211; dvorana Rakarska 19, Velika Gorica Ustanova za upravljanje \u0160RC Velika Gorica &#8211; upravna zgrada Hrvatske bratske zajednice 80, Velika Gorica Dje\u010dji vrti\u0107 Lojtrica\u00a0 Smendrovi\u0107eva 9, Velika [&hellip;]<\/p>\n","protected":false},"author":1,"featured_media":1434,"parent":0,"menu_order":0,"comment_status":"closed","ping_status":"closed","template":"","meta":{"ocean_post_layout":"","ocean_both_sidebars_style":"","ocean_both_sidebars_content_width":0,"ocean_both_sidebars_sidebars_width":0,"ocean_sidebar":"0","ocean_second_sidebar":"0","ocean_disable_margins":"enable","ocean_add_body_class":"","ocean_shortcode_before_top_bar":"","ocean_shortcode_after_top_bar":"","ocean_shortcode_before_header":"","ocean_shortcode_after_header":"","ocean_has_shortcode":"","ocean_shortcode_after_title":"","ocean_shortcode_before_footer_widgets":"","ocean_shortcode_after_footer_widgets":"","ocean_shortcode_before_footer_bottom":"","ocean_shortcode_after_footer_bottom":"","ocean_display_top_bar":"default","ocean_display_header":"default","ocean_header_style":"","ocean_center_header_left_menu":"0","ocean_custom_header_template":"0","ocean_custom_logo":0,"ocean_custom_retina_logo":0,"ocean_custom_logo_max_width":0,"ocean_custom_logo_tablet_max_width":0,"ocean_custom_logo_mobile_max_width":0,"ocean_custom_logo_max_height":0,"ocean_custom_logo_tablet_max_height":0,"ocean_custom_logo_mobile_max_height":0,"ocean_header_custom_menu":"0","ocean_menu_typo_font_family":"0","ocean_menu_typo_font_subset":"","ocean_menu_typo_font_size":0,"ocean_menu_typo_font_size_tablet":0,"ocean_menu_typo_font_size_mobile":0,"ocean_menu_typo_font_size_unit":"px","ocean_menu_typo_font_weight":"","ocean_menu_typo_font_weight_tablet":"","ocean_menu_typo_font_weight_mobile":"","ocean_menu_typo_transform":"","ocean_menu_typo_transform_tablet":"","ocean_menu_typo_transform_mobile":"","ocean_menu_typo_line_height":0,"ocean_menu_typo_line_height_tablet":0,"ocean_menu_typo_line_height_mobile":0,"ocean_menu_typo_line_height_unit":"","ocean_menu_typo_spacing":0,"ocean_menu_typo_spacing_tablet":0,"ocean_menu_typo_spacing_mobile":0,"ocean_menu_typo_spacing_unit":"","ocean_menu_link_color":"","ocean_menu_link_color_hover":"","ocean_menu_link_color_active":"","ocean_menu_link_background":"","ocean_menu_link_hover_background":"","ocean_menu_link_active_background":"","ocean_menu_social_links_bg":"","ocean_menu_social_hover_links_bg":"","ocean_menu_social_links_color":"","ocean_menu_social_hover_links_color":"","ocean_disable_title":"default","ocean_disable_heading":"default","ocean_post_title":"","ocean_post_subheading":"","ocean_post_title_style":"","ocean_post_title_background_color":"","ocean_post_title_background":0,"ocean_post_title_bg_image_position":"","ocean_post_title_bg_image_attachment":"","ocean_post_title_bg_image_repeat":"","ocean_post_title_bg_image_size":"","ocean_post_title_height":0,"ocean_post_title_bg_overlay":0.5,"ocean_post_title_bg_overlay_color":"","ocean_disable_breadcrumbs":"default","ocean_breadcrumbs_color":"","ocean_breadcrumbs_separator_color":"","ocean_breadcrumbs_links_color":"","ocean_breadcrumbs_links_hover_color":"","ocean_display_footer_widgets":"default","ocean_display_footer_bottom":"default","ocean_custom_footer_template":"0"},"yoast_head":"<!-- This site is optimized with the Yoast SEO plugin v20.8 - https:\/\/yoast.com\/wordpress\/plugins\/seo\/ -->\n<title>Solar Power Plants - Sunny VG<\/title>\n<meta name=\"robots\" content=\"index, follow, max-snippet:-1, max-image-preview:large, max-video-preview:-1\" \/>\n<link rel=\"canonical\" href=\"https:\/\/sunnyvg.hr\/en\/solar-power-plant\/\" \/>\n<meta property=\"og:locale\" content=\"en_US\" \/>\n<meta property=\"og:type\" content=\"article\" \/>\n<meta property=\"og:title\" content=\"Solar Power Plants - Sunny VG\" \/>\n<meta property=\"og:description\" content=\"SOLAR POWER PLANTS Building Location Pu\u010dko otvoreno u\u010dili\u0161te Velika Gorica Zagreba\u010dka 37, Velika Gorica O\u0160 Nikole Hribara Ru\u0111era Bo\u0161kovi\u0107a 11, Velika Gorica Ustanova za upravljanje \u0160RC Velika Gorica &#8211; dvorana Rakarska 19, Velika Gorica Ustanova za upravljanje \u0160RC Velika Gorica &#8211; upravna zgrada Hrvatske bratske zajednice 80, Velika Gorica Dje\u010dji vrti\u0107 Lojtrica\u00a0 Smendrovi\u0107eva 9, Velika [&hellip;]\" \/>\n<meta property=\"og:url\" content=\"https:\/\/sunnyvg.hr\/en\/solar-power-plant\/\" \/>\n<meta property=\"og:site_name\" content=\"Sunny VG\" \/>\n<meta property=\"article:modified_time\" content=\"2023-05-24T08:11:48+00:00\" \/>\n<meta property=\"og:image\" content=\"https:\/\/sunnyvg.hr\/wp-content\/uploads\/2023\/04\/solar-novocice-1@0.5x.webp\" \/>\n\t<meta property=\"og:image:width\" content=\"960\" \/>\n\t<meta property=\"og:image:height\" content=\"540\" \/>\n\t<meta property=\"og:image:type\" content=\"image\/webp\" \/>\n<meta name=\"twitter:card\" content=\"summary_large_image\" \/>\n<meta name=\"twitter:label1\" content=\"Est. reading time\" \/>\n\t<meta name=\"twitter:data1\" content=\"1 minute\" \/>\n<script type=\"application\/ld+json\" class=\"yoast-schema-graph\">{\"@context\":\"https:\/\/schema.org\",\"@graph\":[{\"@type\":\"WebPage\",\"@id\":\"https:\/\/sunnyvg.hr\/en\/solar-power-plant\/\",\"url\":\"https:\/\/sunnyvg.hr\/en\/solar-power-plant\/\",\"name\":\"Solar Power Plants - Sunny VG\",\"isPartOf\":{\"@id\":\"https:\/\/sunnyvg.hr\/en\/#website\"},\"datePublished\":\"2023-04-01T06:35:32+00:00\",\"dateModified\":\"2023-05-24T08:11:48+00:00\",\"breadcrumb\":{\"@id\":\"https:\/\/sunnyvg.hr\/en\/solar-power-plant\/#breadcrumb\"},\"inLanguage\":\"en-US\",\"potentialAction\":[{\"@type\":\"ReadAction\",\"target\":[\"https:\/\/sunnyvg.hr\/en\/solar-power-plant\/\"]}]},{\"@type\":\"BreadcrumbList\",\"@id\":\"https:\/\/sunnyvg.hr\/en\/solar-power-plant\/#breadcrumb\",\"itemListElement\":[{\"@type\":\"ListItem\",\"position\":1,\"name\":\"Po\u010detna stranica\",\"item\":\"https:\/\/sunnyvg.hr\/en\/\"},{\"@type\":\"ListItem\",\"position\":2,\"name\":\"Solar Power Plants\"}]},{\"@type\":\"WebSite\",\"@id\":\"https:\/\/sunnyvg.hr\/en\/#website\",\"url\":\"https:\/\/sunnyvg.hr\/en\/\",\"name\":\"Sunny VG\",\"description\":\"Velika Gorica Solarni Grad ODBROJAVANJE\",\"publisher\":{\"@id\":\"https:\/\/sunnyvg.hr\/en\/#organization\"},\"potentialAction\":[{\"@type\":\"SearchAction\",\"target\":{\"@type\":\"EntryPoint\",\"urlTemplate\":\"https:\/\/sunnyvg.hr\/en\/?s={search_term_string}\"},\"query-input\":\"required name=search_term_string\"}],\"inLanguage\":\"en-US\"},{\"@type\":\"Organization\",\"@id\":\"https:\/\/sunnyvg.hr\/en\/#organization\",\"name\":\"Sunny VG\",\"url\":\"https:\/\/sunnyvg.hr\/en\/\",\"logo\":{\"@type\":\"ImageObject\",\"inLanguage\":\"en-US\",\"@id\":\"https:\/\/sunnyvg.hr\/en\/#\/schema\/logo\/image\/\",\"url\":\"https:\/\/sunnyvg.hr\/wp-content\/uploads\/2023\/03\/cropped-VG_Logo_01.png\",\"contentUrl\":\"https:\/\/sunnyvg.hr\/wp-content\/uploads\/2023\/03\/cropped-VG_Logo_01.png\",\"width\":570,\"height\":409,\"caption\":\"Sunny VG\"},\"image\":{\"@id\":\"https:\/\/sunnyvg.hr\/en\/#\/schema\/logo\/image\/\"}}]}<\/script>\n<!-- \/ Yoast SEO plugin. -->","yoast_head_json":{"title":"Solar Power Plants - Sunny VG","robots":{"index":"index","follow":"follow","max-snippet":"max-snippet:-1","max-image-preview":"max-image-preview:large","max-video-preview":"max-video-preview:-1"},"canonical":"https:\/\/sunnyvg.hr\/en\/solar-power-plant\/","og_locale":"en_US","og_type":"article","og_title":"Solar Power Plants - Sunny VG","og_description":"SOLAR POWER PLANTS Building Location Pu\u010dko otvoreno u\u010dili\u0161te Velika Gorica Zagreba\u010dka 37, Velika Gorica O\u0160 Nikole Hribara Ru\u0111era Bo\u0161kovi\u0107a 11, Velika Gorica Ustanova za upravljanje \u0160RC Velika Gorica &#8211; dvorana Rakarska 19, Velika Gorica Ustanova za upravljanje \u0160RC Velika Gorica &#8211; upravna zgrada Hrvatske bratske zajednice 80, Velika Gorica Dje\u010dji vrti\u0107 Lojtrica\u00a0 Smendrovi\u0107eva 9, Velika [&hellip;]","og_url":"https:\/\/sunnyvg.hr\/en\/solar-power-plant\/","og_site_name":"Sunny VG","article_modified_time":"2023-05-24T08:11:48+00:00","og_image":[{"width":960,"height":540,"url":"https:\/\/sunnyvg.hr\/wp-content\/uploads\/2023\/04\/solar-novocice-1@0.5x.webp","type":"image\/webp"}],"twitter_card":"summary_large_image","twitter_misc":{"Est. reading time":"1 minute"},"schema":{"@context":"https:\/\/schema.org","@graph":[{"@type":"WebPage","@id":"https:\/\/sunnyvg.hr\/en\/solar-power-plant\/","url":"https:\/\/sunnyvg.hr\/en\/solar-power-plant\/","name":"Solar Power Plants - Sunny VG","isPartOf":{"@id":"https:\/\/sunnyvg.hr\/en\/#website"},"datePublished":"2023-04-01T06:35:32+00:00","dateModified":"2023-05-24T08:11:48+00:00","breadcrumb":{"@id":"https:\/\/sunnyvg.hr\/en\/solar-power-plant\/#breadcrumb"},"inLanguage":"en-US","potentialAction":[{"@type":"ReadAction","target":["https:\/\/sunnyvg.hr\/en\/solar-power-plant\/"]}]},{"@type":"BreadcrumbList","@id":"https:\/\/sunnyvg.hr\/en\/solar-power-plant\/#breadcrumb","itemListElement":[{"@type":"ListItem","position":1,"name":"Po\u010detna stranica","item":"https:\/\/sunnyvg.hr\/en\/"},{"@type":"ListItem","position":2,"name":"Solar Power Plants"}]},{"@type":"WebSite","@id":"https:\/\/sunnyvg.hr\/en\/#website","url":"https:\/\/sunnyvg.hr\/en\/","name":"Sunny VG","description":"Velika Gorica Solarni Grad ODBROJAVANJE","publisher":{"@id":"https:\/\/sunnyvg.hr\/en\/#organization"},"potentialAction":[{"@type":"SearchAction","target":{"@type":"EntryPoint","urlTemplate":"https:\/\/sunnyvg.hr\/en\/?s={search_term_string}"},"query-input":"required name=search_term_string"}],"inLanguage":"en-US"},{"@type":"Organization","@id":"https:\/\/sunnyvg.hr\/en\/#organization","name":"Sunny VG","url":"https:\/\/sunnyvg.hr\/en\/","logo":{"@type":"ImageObject","inLanguage":"en-US","@id":"https:\/\/sunnyvg.hr\/en\/#\/schema\/logo\/image\/","url":"https:\/\/sunnyvg.hr\/wp-content\/uploads\/2023\/03\/cropped-VG_Logo_01.png","contentUrl":"https:\/\/sunnyvg.hr\/wp-content\/uploads\/2023\/03\/cropped-VG_Logo_01.png","width":570,"height":409,"caption":"Sunny VG"},"image":{"@id":"https:\/\/sunnyvg.hr\/en\/#\/schema\/logo\/image\/"}}]}},"_links":{"self":[{"href":"https:\/\/sunnyvg.hr\/en\/wp-json\/wp\/v2\/pages\/1318"}],"collection":[{"href":"https:\/\/sunnyvg.hr\/en\/wp-json\/wp\/v2\/pages"}],"about":[{"href":"https:\/\/sunnyvg.hr\/en\/wp-json\/wp\/v2\/types\/page"}],"author":[{"embeddable":true,"href":"https:\/\/sunnyvg.hr\/en\/wp-json\/wp\/v2\/users\/1"}],"replies":[{"embeddable":true,"href":"https:\/\/sunnyvg.hr\/en\/wp-json\/wp\/v2\/comments?post=1318"}],"version-history":[{"count":3,"href":"https:\/\/sunnyvg.hr\/en\/wp-json\/wp\/v2\/pages\/1318\/revisions"}],"predecessor-version":[{"id":1780,"href":"https:\/\/sunnyvg.hr\/en\/wp-json\/wp\/v2\/pages\/1318\/revisions\/1780"}],"wp:featuredmedia":[{"embeddable":true,"href":"https:\/\/sunnyvg.hr\/en\/wp-json\/wp\/v2\/media\/1434"}],"wp:attachment":[{"href":"https:\/\/sunnyvg.hr\/en\/wp-json\/wp\/v2\/media?parent=1318"}],"curies":[{"name":"wp","href":"https:\/\/api.w.org\/{rel}","templated":true}]}}